{"id":1563,"date":"2024-03-05T16:45:23","date_gmt":"2024-03-05T15:45:23","guid":{"rendered":"https:\/\/ecolegal.cl\/?page_id=1563"},"modified":"2024-03-12T20:50:23","modified_gmt":"2024-03-12T19:50:23","slug":"aceites-y-lubricantes","status":"publish","type":"page","link":"https:\/\/ecolegal.cl\/index.php\/bibliografia-legal\/aceites-y-lubricantes\/","title":{"rendered":"Aceites y lubricantes"},"content":{"rendered":"\t\t<div data-elementor-type=\"wp-page\" data-elementor-id=\"1563\" class=\"elementor elementor-1563\" data-elementor-post-type=\"page\">\n\t\t\t\t\t\t<section class=\"elementor-section elementor-top-section elementor-element elementor-element-f449d78 elementor-section-full_width elementor-section-height-default elementor-section-height-default\" data-id=\"f449d78\" data-element_type=\"section\" data-settings=\"{&quot;background_background&quot;:&quot;classic&quot;}\">\n\t\t\t\t\t\t\t<div class=\"elementor-background-overlay\"><\/div>\n\t\t\t\t\t\t\t<div class=\"elementor-container elementor-column-gap-default\">\n\t\t\t\t\t<div class=\"elementor-column elementor-col-100 elementor-top-column elementor-element elementor-element-986932f\" data-id=\"986932f\" data-element_type=\"column\">\n\t\t\t<div class=\"elementor-widget-wrap elementor-element-populated\">\n\t\t\t\t\t\t<div class=\"elementor-element elementor-element-e3610d1 elementor-widget elementor-widget-heading\" data-id=\"e3610d1\" data-element_type=\"widget\" data-widget_type=\"heading.default\">\n\t\t\t\t<div class=\"elementor-widget-container\">\n\t\t\t\t\t<h2 class=\"elementor-heading-title elementor-size-default\">ACEITES Y LUBRICANTES<\/h2>\t\t\t\t<\/div>\n\t\t\t\t<\/div>\n\t\t\t\t\t<\/div>\n\t\t<\/div>\n\t\t\t\t\t<\/div>\n\t\t<\/section>\n\t\t\t\t<section class=\"elementor-section elementor-top-section elementor-element elementor-element-9a7f8d5 elementor-section-full_width elementor-section-height-min-height elementor-section-height-default elementor-section-items-middle\" data-id=\"9a7f8d5\" data-element_type=\"section\" data-settings=\"{&quot;background_background&quot;:&quot;classic&quot;}\">\n\t\t\t\t\t\t<div class=\"elementor-container elementor-column-gap-default\">\n\t\t\t\t\t<div class=\"elementor-column elementor-col-100 elementor-top-column elementor-element elementor-element-58b6826\" data-id=\"58b6826\" data-element_type=\"column\">\n\t\t\t<div class=\"elementor-widget-wrap elementor-element-populated\">\n\t\t\t\t\t\t<section class=\"elementor-section elementor-inner-section elementor-element elementor-element-d3afd44 elementor-section-full_width elementor-section-height-default elementor-section-height-default\" data-id=\"d3afd44\" data-element_type=\"section\">\n\t\t\t\t\t\t<div class=\"elementor-container elementor-column-gap-default\">\n\t\t\t\t\t<div class=\"elementor-column elementor-col-50 elementor-inner-column elementor-element elementor-element-31e77b7\" data-id=\"31e77b7\" data-element_type=\"column\">\n\t\t\t<div class=\"elementor-widget-wrap\">\n\t\t\t\t\t\t\t<\/div>\n\t\t<\/div>\n\t\t\t\t<div class=\"elementor-column elementor-col-50 elementor-inner-column elementor-element elementor-element-5285d36\" data-id=\"5285d36\" data-element_type=\"column\">\n\t\t\t<div class=\"elementor-widget-wrap elementor-element-populated\">\n\t\t\t\t\t\t<div class=\"elementor-element elementor-element-0b17eda elementor-widget elementor-widget-heading\" data-id=\"0b17eda\" data-element_type=\"widget\" data-widget_type=\"heading.default\">\n\t\t\t\t<div class=\"elementor-widget-container\">\n\t\t\t\t\t<h2 class=\"elementor-heading-title elementor-size-default\">Impacto de los Lubricantes<\/h2>\t\t\t\t<\/div>\n\t\t\t\t<\/div>\n\t\t\t\t<div class=\"elementor-element elementor-element-23df374 elementor-widget elementor-widget-text-editor\" data-id=\"23df374\" data-element_type=\"widget\" data-widget_type=\"text-editor.default\">\n\t\t\t\t<div class=\"elementor-widget-container\">\n\t\t\t\t\t\t\t\t\t<p><span class=\"NormalTextRun SCXW237908478 BCX0\"><em>Los aceites lubricantes<\/em> fueron se<\/span><span class=\"NormalTextRun SCXW237908478 BCX0\">lecciona<\/span><span class=\"NormalTextRun SpellingErrorV2Themed SCXW237908478 BCX0\">dos <\/span><span class=\"NormalTextRun SpellingErrorV2Themed SCXW237908478 BCX0\">como<\/span><span class=\"NormalTextRun SCXW237908478 BCX0\"><strong> productos prioritarios<\/strong> debido a varias razones. <\/span><span class=\"NormalTextRun SCXW237908478 BCX0\">E<\/span><span class=\"NormalTextRun SCXW237908478 BCX0\">n primer lugar, son <strong>productos de consumo masivo que se utilizan principalmente en el transporte y la industria.<\/strong><\/span> <span class=\"NormalTextRun SCXW237908478 BCX0\">Al final de su vida \u00fatil, generan un <strong>volumen significativo de residuos<\/strong> que son peligrosos y da\u00f1inos para el medio ambiente.<\/span><\/p>\t\t\t\t\t\t\t\t<\/div>\n\t\t\t\t<\/div>\n\t\t\t\t\t<\/div>\n\t\t<\/div>\n\t\t\t\t\t<\/div>\n\t\t<\/section>\n\t\t\t\t\t<\/div>\n\t\t<\/div>\n\t\t\t\t\t<\/div>\n\t\t<\/section>\n\t\t\t\t<section class=\"elementor-section elementor-top-section elementor-element elementor-element-1993e3d elementor-section-full_width elementor-section-height-min-height elementor-section-height-default elementor-section-items-middle\" data-id=\"1993e3d\" data-element_type=\"section\" data-settings=\"{&quot;background_background&quot;:&quot;classic&quot;}\">\n\t\t\t\t\t\t<div class=\"elementor-container elementor-column-gap-default\">\n\t\t\t\t\t<div class=\"elementor-column elementor-col-100 elementor-top-column elementor-element elementor-element-c4bd8e3\" data-id=\"c4bd8e3\" data-element_type=\"column\">\n\t\t\t<div class=\"elementor-widget-wrap elementor-element-populated\">\n\t\t\t\t\t\t<section class=\"elementor-section elementor-inner-section elementor-element elementor-element-0ac80fd elementor-section-full_width elementor-section-height-default elementor-section-height-default\" data-id=\"0ac80fd\" data-element_type=\"section\">\n\t\t\t\t\t\t<div class=\"elementor-container elementor-column-gap-default\">\n\t\t\t\t\t<div class=\"elementor-column elementor-col-50 elementor-inner-column elementor-element elementor-element-5c7a128\" data-id=\"5c7a128\" data-element_type=\"column\">\n\t\t\t<div class=\"elementor-widget-wrap elementor-element-populated\">\n\t\t\t\t\t\t<div class=\"elementor-element elementor-element-e4efa39 elementor-widget elementor-widget-text-editor\" data-id=\"e4efa39\" data-element_type=\"widget\" data-widget_type=\"text-editor.default\">\n\t\t\t\t<div class=\"elementor-widget-container\">\n\t\t\t\t\t\t\t\t\t<p><span data-contrast=\"auto\">Adem\u00e1s, son<strong> susceptibles de ser valorizados<\/strong>, por ejemplo, mediante la producci\u00f3n de aceite base o su uso como combustible l\u00edquido. <\/span><span data-ccp-props=\"{&quot;134233117&quot;:false,&quot;134233118&quot;:false,&quot;201341983&quot;:0,&quot;335551550&quot;:1,&quot;335551620&quot;:1,&quot;335559737&quot;:0,&quot;335559738&quot;:0,&quot;335559739&quot;:0,&quot;335559740&quot;:276}\">\u00a0<\/span><\/p><p><span data-ccp-props=\"{&quot;134233117&quot;:false,&quot;134233118&quot;:false,&quot;201341983&quot;:0,&quot;335551550&quot;:1,&quot;335551620&quot;:1,&quot;335559737&quot;:0,&quot;335559738&quot;:0,&quot;335559739&quot;:0,&quot;335559740&quot;:276}\">\u00a0<\/span><span data-contrast=\"auto\">Por \u00faltimo, la revisi\u00f3n de la regulaci\u00f3n comparada muestra que <strong>otros pa\u00edses tambi\u00e9n han definido a los aceites lubricantes como productos prioritarios.<\/strong><\/span><strong>\u00a0<\/strong><\/p><p><span data-contrast=\"auto\">El decreto que regula los aceites lubricantes a\u00fan no ha sido publicado, pero el <strong>proyecto est\u00e1 disponible para revisi\u00f3n<\/strong> en el siguiente enlace<\/span><\/p>\t\t\t\t\t\t\t\t<\/div>\n\t\t\t\t<\/div>\n\t\t\t\t\t<\/div>\n\t\t<\/div>\n\t\t\t\t<div class=\"elementor-column elementor-col-50 elementor-inner-column elementor-element elementor-element-98ae479\" data-id=\"98ae479\" data-element_type=\"column\">\n\t\t\t<div class=\"elementor-widget-wrap\">\n\t\t\t\t\t\t\t<\/div>\n\t\t<\/div>\n\t\t\t\t\t<\/div>\n\t\t<\/section>\n\t\t\t\t<div class=\"elementor-element elementor-element-6355083 elementor-widget elementor-widget-button\" data-id=\"6355083\" data-element_type=\"widget\" data-widget_type=\"button.default\">\n\t\t\t\t<div class=\"elementor-widget-container\">\n\t\t\t\t\t\t\t\t\t<div class=\"elementor-button-wrapper\">\n\t\t\t\t\t<a class=\"elementor-button elementor-button-link elementor-size-lg elementor-animation-grow\" href=\"https:\/\/ecolegal.cl\/wp-content\/uploads\/2024\/03\/aceites-y-lubricantes-norma.pdf\" target=\"_blank\">\n\t\t\t\t\t\t<span class=\"elementor-button-content-wrapper\">\n\t\t\t\t\t\t<span class=\"elementor-button-icon\">\n\t\t\t\t<svg aria-hidden=\"true\" class=\"e-font-icon-svg e-fas-download\" viewBox=\"0 0 512 512\" xmlns=\"http:\/\/www.w3.org\/2000\/svg\"><path d=\"M216 0h80c13.3 0 24 10.7 24 24v168h87.7c17.8 0 26.7 21.5 14.1 34.1L269.7 378.3c-7.5 7.5-19.8 7.5-27.3 0L90.1 226.1c-12.6-12.6-3.7-34.1 14.1-34.1H192V24c0-13.3 10.7-24 24-24zm296 376v112c0 13.3-10.7 24-24 24H24c-13.3 0-24-10.7-24-24V376c0-13.3 10.7-24 24-24h146.7l49 49c20.1 20.1 52.5 20.1 72.6 0l49-49H488c13.3 0 24 10.7 24 24zm-124 88c0-11-9-20-20-20s-20 9-20 20 9 20 20 20 20-9 20-20zm64 0c0-11-9-20-20-20s-20 9-20 20 9 20 20 20 20-9 20-20z\"><\/path><\/svg>\t\t\t<\/span>\n\t\t\t\t\t\t\t\t\t<span class=\"elementor-button-text\">Haz clic aqu\u00ed<\/span>\n\t\t\t\t\t<\/span>\n\t\t\t\t\t<\/a>\n\t\t\t\t<\/div>\n\t\t\t\t\t\t\t\t<\/div>\n\t\t\t\t<\/div>\n\t\t\t\t\t<\/div>\n\t\t<\/div>\n\t\t\t\t\t<\/div>\n\t\t<\/section>\n\t\t\t\t<\/div>\n\t\t","protected":false},"excerpt":{"rendered":"<p>ACEITES Y LUBRICANTES Impacto de los Lubricantes Los aceites lubricantes fueron seleccionados como productos prioritarios debido a varias razones. En primer lugar, son productos de consumo masivo que se utilizan principalmente en el transporte y la industria. Al final de su vida \u00fatil, generan un volumen significativo de residuos que son peligrosos y da\u00f1inos para [&hellip;]<\/p>\n","protected":false},"author":3,"featured_media":0,"parent":1999,"menu_order":4,"comment_status":"closed","ping_status":"closed","template":"","meta":{"footnotes":""},"_links":{"self":[{"href":"https:\/\/ecolegal.cl\/index.php\/wp-json\/wp\/v2\/pages\/1563"}],"collection":[{"href":"https:\/\/ecolegal.cl\/index.php\/wp-json\/wp\/v2\/pages"}],"about":[{"href":"https:\/\/ecolegal.cl\/index.php\/wp-json\/wp\/v2\/types\/page"}],"author":[{"embeddable":true,"href":"https:\/\/ecolegal.cl\/index.php\/wp-json\/wp\/v2\/users\/3"}],"replies":[{"embeddable":true,"href":"https:\/\/ecolegal.cl\/index.php\/wp-json\/wp\/v2\/comments?post=1563"}],"version-history":[{"count":106,"href":"https:\/\/ecolegal.cl\/index.php\/wp-json\/wp\/v2\/pages\/1563\/revisions"}],"predecessor-version":[{"id":1997,"href":"https:\/\/ecolegal.cl\/index.php\/wp-json\/wp\/v2\/pages\/1563\/revisions\/1997"}],"up":[{"embeddable":true,"href":"https:\/\/ecolegal.cl\/index.php\/wp-json\/wp\/v2\/pages\/1999"}],"wp:attachment":[{"href":"https:\/\/ecolegal.cl\/index.php\/wp-json\/wp\/v2\/media?parent=1563"}],"curies":[{"name":"wp","href":"https:\/\/api.w.org\/{rel}","templated":true}]}}